{"id":21404,"date":"2026-04-19T05:14:03","date_gmt":"2026-04-19T05:14:03","guid":{"rendered":"https:\/\/www.infuse.earth\/la-foret\/"},"modified":"2026-04-19T05:40:14","modified_gmt":"2026-04-19T05:40:14","slug":"la-foret","status":"publish","type":"page","link":"https:\/\/www.infuse.earth\/fr\/la-foret\/","title":{"rendered":"La For\u00eat"},"content":{"rendered":"\n<style>\n\/* Masquer le titre de page + subheader Betheme sur cette page uniquement *\/\n.page-template-default #Subheader,\n.page-template-default .section-title,\n.page-template-default .mcb-wrap-title,\n.page-template-default .mfn-page-title,\nbody.page #Subheader,\nbody.page .page-header,\nbody.page > .container-header + .section-title {\n  display: none !important;\n}\n\n\/* Forcer le main content en full-width (override Betheme container) *\/\n#Content {\n  padding: 0 !important;\n  margin: 0 !important;\n}\n#Content .content_wrapper,\n#Content .container,\n#Content .sections_group,\n#Content .section_wrapper {\n  max-width: 100% !important;\n  width: 100% !important;\n  padding: 0 !important;\n  margin: 0 !important;\n}\n\n\/* L'iframe prend tout le viewport disponible *\/\n.foret-embed-wrapper {\n  width: 100vw;\n  position: relative;\n  left: 50%;\n  right: 50%;\n  margin-left: -50vw;\n  margin-right: -50vw;\n  background: #0a0a0a;\n  display: block;\n}\n.foret-embed-wrapper iframe {\n  width: 100%;\n  height: calc(100vh - 140px);\n  min-height: 700px;\n  border: none;\n  display: block;\n  background: #0a0a0a;\n}\n@media (max-width: 768px) {\n  .foret-embed-wrapper iframe {\n    height: calc(100vh - 100px);\n    min-height: 600px;\n  }\n}\n<\/style>\n\n<div class=\"foret-embed-wrapper\">\n  <iframe \n    src=\"https:\/\/foret-app.vercel.app\/embed?lang=fr\" \n    loading=\"lazy\"\n    allow=\"clipboard-write\"\n    title=\"La For\u00eat INFUSE\">\n  <\/iframe>\n<\/div>\n","protected":false},"excerpt":{"rendered":"","protected":false},"author":760,"featured_media":0,"parent":0,"menu_order":0,"comment_status":"closed","ping_status":"closed","template":"","meta":{"_acf_changed":false,"footnotes":""},"class_list":["post-21404","page","type-page","status-publish","hentry"],"acf":[],"yoast_head":"<!-- This site is optimized with the Yoast SEO plugin v27.4 - https:\/\/yoast.com\/product\/yoast-seo-wordpress\/ -->\n<title>La For\u00eat - Infuse<\/title>\n<meta name=\"description\" content=\"La For\u00eat - INFUSE. Cabinet de curiosit\u00e9s botaniques. Biblioth\u00e8que de 300+ livres dig\u00e9r\u00e9s, consultable en profondeur.\" \/>\n<meta name=\"robots\" content=\"index, follow, max-snippet:-1, max-image-preview:large, max-video-preview:-1\" \/>\n<link rel=\"canonical\" href=\"https:\/\/www.infuse.earth\/fr\/la-foret\/\" \/>\n<meta property=\"og:locale\" content=\"fr_FR\" \/>\n<meta property=\"og:type\" content=\"article\" \/>\n<meta property=\"og:title\" content=\"La For\u00eat - Infuse\" \/>\n<meta property=\"og:description\" content=\"La For\u00eat - INFUSE. Cabinet de curiosit\u00e9s botaniques. Biblioth\u00e8que de 300+ livres dig\u00e9r\u00e9s, consultable en profondeur.\" \/>\n<meta property=\"og:url\" content=\"https:\/\/www.infuse.earth\/fr\/la-foret\/\" \/>\n<meta property=\"og:site_name\" content=\"Infuse\" \/>\n<meta property=\"article:publisher\" content=\"https:\/\/www.facebook.com\/ubulawu\" \/>\n<meta property=\"article:modified_time\" content=\"2026-04-19T05:40:14+00:00\" \/>\n<meta name=\"twitter:card\" content=\"summary_large_image\" \/>\n<script type=\"application\/ld+json\" class=\"yoast-schema-graph\">{\"@context\":\"https:\\\/\\\/schema.org\",\"@graph\":[{\"@type\":\"WebPage\",\"@id\":\"https:\\\/\\\/www.infuse.earth\\\/fr\\\/la-foret\\\/\",\"url\":\"https:\\\/\\\/www.infuse.earth\\\/fr\\\/la-foret\\\/\",\"name\":\"La For\u00eat - Infuse\",\"isPartOf\":{\"@id\":\"https:\\\/\\\/www.infuse.earth\\\/es\\\/#website\"},\"datePublished\":\"2026-04-19T05:14:03+00:00\",\"dateModified\":\"2026-04-19T05:40:14+00:00\",\"description\":\"La For\u00eat - INFUSE. Cabinet de curiosit\u00e9s botaniques. Biblioth\u00e8que de 300+ livres dig\u00e9r\u00e9s, consultable en profondeur.\",\"breadcrumb\":{\"@id\":\"https:\\\/\\\/www.infuse.earth\\\/fr\\\/la-foret\\\/#breadcrumb\"},\"inLanguage\":\"fr-FR\",\"potentialAction\":[{\"@type\":\"ReadAction\",\"target\":[\"https:\\\/\\\/www.infuse.earth\\\/fr\\\/la-foret\\\/\"]}]},{\"@type\":\"BreadcrumbList\",\"@id\":\"https:\\\/\\\/www.infuse.earth\\\/fr\\\/la-foret\\\/#breadcrumb\",\"itemListElement\":[{\"@type\":\"ListItem\",\"position\":1,\"name\":\"Home\",\"item\":\"https:\\\/\\\/www.infuse.earth\\\/\"},{\"@type\":\"ListItem\",\"position\":2,\"name\":\"La For\u00eat\"}]},{\"@type\":\"WebSite\",\"@id\":\"https:\\\/\\\/www.infuse.earth\\\/es\\\/#website\",\"url\":\"https:\\\/\\\/www.infuse.earth\\\/es\\\/\",\"name\":\"Infuse\",\"description\":\"\",\"publisher\":{\"@id\":\"https:\\\/\\\/www.infuse.earth\\\/es\\\/#organization\"},\"potentialAction\":[{\"@type\":\"SearchAction\",\"target\":{\"@type\":\"EntryPoint\",\"urlTemplate\":\"https:\\\/\\\/www.infuse.earth\\\/es\\\/?s={search_term_string}\"},\"query-input\":{\"@type\":\"PropertyValueSpecification\",\"valueRequired\":true,\"valueName\":\"search_term_string\"}}],\"inLanguage\":\"fr-FR\"},{\"@type\":\"Organization\",\"@id\":\"https:\\\/\\\/www.infuse.earth\\\/es\\\/#organization\",\"name\":\"I Infuse\",\"url\":\"https:\\\/\\\/www.infuse.earth\\\/es\\\/\",\"logo\":{\"@type\":\"ImageObject\",\"inLanguage\":\"fr-FR\",\"@id\":\"https:\\\/\\\/www.infuse.earth\\\/es\\\/#\\\/schema\\\/logo\\\/image\\\/\",\"url\":\"https:\\\/\\\/www.infuse.earth\\\/wp-content\\\/uploads\\\/2024\\\/08\\\/Favicon-original.webp\",\"contentUrl\":\"https:\\\/\\\/www.infuse.earth\\\/wp-content\\\/uploads\\\/2024\\\/08\\\/Favicon-original.webp\",\"width\":512,\"height\":512,\"caption\":\"I Infuse\"},\"image\":{\"@id\":\"https:\\\/\\\/www.infuse.earth\\\/es\\\/#\\\/schema\\\/logo\\\/image\\\/\"},\"sameAs\":[\"https:\\\/\\\/www.facebook.com\\\/ubulawu\",\"https:\\\/\\\/www.instagram.com\\\/infuse.earth\",\"https:\\\/\\\/discord.com\\\/invite\\\/YPtGuGzy\"]}]}<\/script>\n<!-- \/ Yoast SEO plugin. -->","yoast_head_json":{"title":"La For\u00eat - Infuse","description":"La For\u00eat - INFUSE. Cabinet de curiosit\u00e9s botaniques. Biblioth\u00e8que de 300+ livres dig\u00e9r\u00e9s, consultable en profondeur.","robots":{"index":"index","follow":"follow","max-snippet":"max-snippet:-1","max-image-preview":"max-image-preview:large","max-video-preview":"max-video-preview:-1"},"canonical":"https:\/\/www.infuse.earth\/fr\/la-foret\/","og_locale":"fr_FR","og_type":"article","og_title":"La For\u00eat - Infuse","og_description":"La For\u00eat - INFUSE. Cabinet de curiosit\u00e9s botaniques. Biblioth\u00e8que de 300+ livres dig\u00e9r\u00e9s, consultable en profondeur.","og_url":"https:\/\/www.infuse.earth\/fr\/la-foret\/","og_site_name":"Infuse","article_publisher":"https:\/\/www.facebook.com\/ubulawu","article_modified_time":"2026-04-19T05:40:14+00:00","twitter_card":"summary_large_image","schema":{"@context":"https:\/\/schema.org","@graph":[{"@type":"WebPage","@id":"https:\/\/www.infuse.earth\/fr\/la-foret\/","url":"https:\/\/www.infuse.earth\/fr\/la-foret\/","name":"La For\u00eat - Infuse","isPartOf":{"@id":"https:\/\/www.infuse.earth\/es\/#website"},"datePublished":"2026-04-19T05:14:03+00:00","dateModified":"2026-04-19T05:40:14+00:00","description":"La For\u00eat - INFUSE. Cabinet de curiosit\u00e9s botaniques. Biblioth\u00e8que de 300+ livres dig\u00e9r\u00e9s, consultable en profondeur.","breadcrumb":{"@id":"https:\/\/www.infuse.earth\/fr\/la-foret\/#breadcrumb"},"inLanguage":"fr-FR","potentialAction":[{"@type":"ReadAction","target":["https:\/\/www.infuse.earth\/fr\/la-foret\/"]}]},{"@type":"BreadcrumbList","@id":"https:\/\/www.infuse.earth\/fr\/la-foret\/#breadcrumb","itemListElement":[{"@type":"ListItem","position":1,"name":"Home","item":"https:\/\/www.infuse.earth\/"},{"@type":"ListItem","position":2,"name":"La For\u00eat"}]},{"@type":"WebSite","@id":"https:\/\/www.infuse.earth\/es\/#website","url":"https:\/\/www.infuse.earth\/es\/","name":"Infuse","description":"","publisher":{"@id":"https:\/\/www.infuse.earth\/es\/#organization"},"potentialAction":[{"@type":"SearchAction","target":{"@type":"EntryPoint","urlTemplate":"https:\/\/www.infuse.earth\/es\/?s={search_term_string}"},"query-input":{"@type":"PropertyValueSpecification","valueRequired":true,"valueName":"search_term_string"}}],"inLanguage":"fr-FR"},{"@type":"Organization","@id":"https:\/\/www.infuse.earth\/es\/#organization","name":"I Infuse","url":"https:\/\/www.infuse.earth\/es\/","logo":{"@type":"ImageObject","inLanguage":"fr-FR","@id":"https:\/\/www.infuse.earth\/es\/#\/schema\/logo\/image\/","url":"https:\/\/www.infuse.earth\/wp-content\/uploads\/2024\/08\/Favicon-original.webp","contentUrl":"https:\/\/www.infuse.earth\/wp-content\/uploads\/2024\/08\/Favicon-original.webp","width":512,"height":512,"caption":"I Infuse"},"image":{"@id":"https:\/\/www.infuse.earth\/es\/#\/schema\/logo\/image\/"},"sameAs":["https:\/\/www.facebook.com\/ubulawu","https:\/\/www.instagram.com\/infuse.earth","https:\/\/discord.com\/invite\/YPtGuGzy"]}]}},"_links":{"self":[{"href":"https:\/\/www.infuse.earth\/fr\/wp-json\/wp\/v2\/pages\/21404","targetHints":{"allow":["GET"]}}],"collection":[{"href":"https:\/\/www.infuse.earth\/fr\/wp-json\/wp\/v2\/pages"}],"about":[{"href":"https:\/\/www.infuse.earth\/fr\/wp-json\/wp\/v2\/types\/page"}],"author":[{"embeddable":true,"href":"https:\/\/www.infuse.earth\/fr\/wp-json\/wp\/v2\/users\/760"}],"replies":[{"embeddable":true,"href":"https:\/\/www.infuse.earth\/fr\/wp-json\/wp\/v2\/comments?post=21404"}],"version-history":[{"count":2,"href":"https:\/\/www.infuse.earth\/fr\/wp-json\/wp\/v2\/pages\/21404\/revisions"}],"predecessor-version":[{"id":21407,"href":"https:\/\/www.infuse.earth\/fr\/wp-json\/wp\/v2\/pages\/21404\/revisions\/21407"}],"wp:attachment":[{"href":"https:\/\/www.infuse.earth\/fr\/wp-json\/wp\/v2\/media?parent=21404"}],"curies":[{"name":"wp","href":"https:\/\/api.w.org\/{rel}","templated":true}]}}