{"id":12699,"date":"2024-08-06T16:51:23","date_gmt":"2024-08-06T16:51:23","guid":{"rendered":"https:\/\/www.infuse.earth\/our-mission\/"},"modified":"2026-01-20T01:13:13","modified_gmt":"2026-01-20T01:13:13","slug":"our-mission","status":"publish","type":"page","link":"https:\/\/www.infuse.earth\/fr\/our-mission\/","title":{"rendered":"Our Mission"},"content":{"rendered":"\t\t<div data-elementor-type=\"wp-page\" data-elementor-id=\"12699\" class=\"elementor elementor-12699 elementor-8275\" data-elementor-post-type=\"page\">\n\t\t\t\t\t\t<section class=\"elementor-section elementor-top-section elementor-element elementor-element-f8fd2f0 elementor-section-stretched elementor-section-boxed elementor-section-height-default elementor-section-height-default wpr-particle-no wpr-jarallax-no wpr-parallax-no wpr-sticky-section-no wpr-equal-height-no\" data-id=\"f8fd2f0\" data-element_type=\"section\" data-e-type=\"section\" data-settings=\"{&quot;stretch_section&quot;:&quot;section-stretched&quot;,&quot;background_background&quot;:&quot;classic&quot;}\">\n\t\t\t\t\t\t<div class=\"elementor-container elementor-column-gap-wider\">\n\t\t\t\t\t<div class=\"elementor-column elementor-col-100 elementor-top-column elementor-element elementor-element-10295ae\" data-id=\"10295ae\" data-element_type=\"column\" data-e-type=\"column\">\n\t\t\t<div class=\"elementor-widget-wrap elementor-element-populated\">\n\t\t\t\t\t\t<section class=\"elementor-section elementor-inner-section elementor-element elementor-element-9d9a208 elementor-section-full_width elementor-section-height-default elementor-section-height-default wpr-particle-no wpr-jarallax-no wpr-parallax-no wpr-sticky-section-no wpr-equal-height-no\" data-id=\"9d9a208\" data-element_type=\"section\" data-e-type=\"section\">\n\t\t\t\t\t\t<div class=\"elementor-container elementor-column-gap-default\">\n\t\t\t\t\t<div class=\"elementor-column elementor-col-100 elementor-inner-column elementor-element elementor-element-97a17d4\" data-id=\"97a17d4\" data-element_type=\"column\" data-e-type=\"column\">\n\t\t\t<div class=\"elementor-widget-wrap elementor-element-populated\">\n\t\t\t\t\t\t<div class=\"elementor-element elementor-element-c3f5b44 elementor-widget elementor-widget-heading\" data-id=\"c3f5b44\" data-element_type=\"widget\" data-e-type=\"widget\" data-widget_type=\"heading.default\">\n\t\t\t\t<div class=\"elementor-widget-container\">\n\t\t\t\t\t<h3 class=\"elementor-heading-title elementor-size-default\">Notre VISION\n\n<\/h3>\t\t\t\t<\/div>\n\t\t\t\t<\/div>\n\t\t\t\t\t<\/div>\n\t\t<\/div>\n\t\t\t\t\t<\/div>\n\t\t<\/section>\n\t\t\t\t<div class=\"elementor-element elementor-element-7966f75 elementor-widget elementor-widget-text-editor\" data-id=\"7966f75\" data-element_type=\"widget\" data-e-type=\"widget\" data-widget_type=\"text-editor.default\">\n\t\t\t\t<div class=\"elementor-widget-container\">\n\t\t\t\t\t\t\t\t\t<p><span style=\"font-size: 21px; line-height: 26px;\"><strong>Favoriser l&rsquo;\u00e9mergence d&rsquo;une soci\u00e9t\u00e9 en harmonie avec tous les \u00eatres vivants<\/strong><\/span><\/p><p><span style=\"font-size: 21px; line-height: 26px;\">\u00c0 travers une activit\u00e9 qui honore la nature, les forces f\u00e9minines, la sagesse ancestrale,<br \/>et le monde des r\u00eaves.<\/span><\/p>\t\t\t\t\t\t\t\t<\/div>\n\t\t\t\t<\/div>\n\t\t\t\t<div class=\"elementor-element elementor-element-09102ad elementor-widget elementor-widget-heading\" data-id=\"09102ad\" data-element_type=\"widget\" data-e-type=\"widget\" data-widget_type=\"heading.default\">\n\t\t\t\t<div class=\"elementor-widget-container\">\n\t\t\t\t\t<h3 class=\"elementor-heading-title elementor-size-default\">Notre mission<\/h3>\t\t\t\t<\/div>\n\t\t\t\t<\/div>\n\t\t\t\t<div class=\"elementor-element elementor-element-d4b2397 elementor-widget elementor-widget-text-editor\" data-id=\"d4b2397\" data-element_type=\"widget\" data-e-type=\"widget\" data-widget_type=\"text-editor.default\">\n\t\t\t\t<div class=\"elementor-widget-container\">\n\t\t\t\t\t\t\t\t\t<p><strong style=\"font-size: 21px;\">Que les racines et les branches d&rsquo;INFUSE s&rsquo;\u00e9tendent\u00a0<\/strong><\/p><p><strong style=\"font-size: 21px;\">Pour contribuer efficacement \u00e0 la pr\u00e9servation de notre M\u00e8re Terre,<\/strong><\/p><p><span style=\"font-size: 21px;\"><strong>Ainsi que ses derni\u00e8res tribus et communaut\u00e9s indig\u00e8nes menac\u00e9es. <\/strong><\/span><\/p><p><img decoding=\"async\" class=\"aligncenter\" style=\"font-family: 'Alegreya Sans'; font-size: 18px; letter-spacing: 0px; margin-top: 10px; margin-bottom: 10px;\" src=\"https:\/\/www.infuse.earth\/wp-content\/uploads\/2024\/08\/star_dot.webp\" alt=\"\" width=\"20\" height=\"20\" \/><\/p><p style=\"font-style: normal; font-variant-ligatures: normal; font-variant-caps: normal; font-weight: 400;\"><span style=\"font-size: 21px;\">Inspirant avec un mod\u00e8le d&rsquo;entreprise qui profite r\u00e9ellement \u00e0 la nature et \u00e0 tous les \u00eatres humains impliqu\u00e9s.<\/span><\/p><p><img decoding=\"async\" class=\"aligncenter\" style=\"font-family: 'Alegreya Sans'; font-size: 18px; letter-spacing: 0px; margin-top: 10px; margin-bottom: 10px;\" src=\"https:\/\/www.infuse.earth\/wp-content\/uploads\/2024\/08\/star_dot.webp\" alt=\"\" width=\"20\" height=\"20\" \/><\/p><p style=\"font-style: normal; font-variant-ligatures: normal; font-variant-caps: normal; font-weight: 400;\"><span style=\"font-size: 21px;\">Partager des outils puissants pour l&rsquo;\u00e9volution de l&rsquo;humanit\u00e9,\u00a0<\/span><\/p><p style=\"font-style: normal; font-variant-ligatures: normal; font-variant-caps: normal; font-weight: 400;\"><span style=\"font-size: 21px;\">tout en honorant la sagesse ancestrale qui y est li\u00e9e.<\/span><\/p><p><img decoding=\"async\" class=\"aligncenter\" style=\"font-family: 'Alegreya Sans'; font-size: 18px; letter-spacing: 0px; margin-top: 10px; margin-bottom: 10px;\" src=\"https:\/\/www.infuse.earth\/wp-content\/uploads\/2024\/08\/star_dot.webp\" alt=\"\" width=\"20\" height=\"20\" \/><\/p><p style=\"font-style: normal; font-variant-ligatures: normal; font-variant-caps: normal; font-weight: 400;\"><span style=\"font-size: 21px;\">Inviter de nouveaux rituels dans notre vie quotidienne, pour c\u00e9l\u00e9brer l&rsquo;intimit\u00e9, l&rsquo;authenticit\u00e9,\u00a0<\/span><\/p><p><span style=\"font-size: 21px;\">la profondeur de la vie et sa beaut\u00e9.<\/span><\/p>\t\t\t\t\t\t\t\t<\/div>\n\t\t\t\t<\/div>\n\t\t\t\t<div class=\"elementor-element elementor-element-b2bd6ed elementor-widget elementor-widget-spacer\" data-id=\"b2bd6ed\" data-element_type=\"widget\" data-e-type=\"widget\" data-widget_type=\"spacer.default\">\n\t\t\t\t<div class=\"elementor-widget-container\">\n\t\t\t\t\t\t\t<div class=\"elementor-spacer\">\n\t\t\t<div class=\"elementor-spacer-inner\"><\/div>\n\t\t<\/div>\n\t\t\t\t\t\t<\/div>\n\t\t\t\t<\/div>\n\t\t\t\t<div class=\"elementor-element elementor-element-f367b52 elementor-widget elementor-widget-text-editor\" data-id=\"f367b52\" data-element_type=\"widget\" data-e-type=\"widget\" data-widget_type=\"text-editor.default\">\n\t\t\t\t<div class=\"elementor-widget-container\">\n\t\t\t\t\t\t\t\t\t<p><span style=\"font-style: normal; font-variant-ligatures: normal; font-variant-caps: normal; font-weight: 400; font-size: 21px; line-height: 26px; font-family: 'Alegreya Sans', sans-serif;\"><span style=\"font-weight: bolder;\">En hommage aux prestigieuses plantes ma\u00eetresses, enseignantes, et alli\u00e9es.<\/span><\/span><\/p><p><span style=\"font-size: 21px; line-height: 26px;\">Aux \u00catres ancestraux des racines, des feuilles, des spores, des graines, des bois et de toutes les herbes\u2026<br \/><\/span><\/p>\t\t\t\t\t\t\t\t<\/div>\n\t\t\t\t<\/div>\n\t\t\t\t<div class=\"elementor-element elementor-element-e4f1828 elementor-widget elementor-widget-text-editor\" data-id=\"e4f1828\" data-element_type=\"widget\" data-e-type=\"widget\" data-widget_type=\"text-editor.default\">\n\t\t\t\t<div class=\"elementor-widget-container\">\n\t\t\t\t\t\t\t\t\t<p>*Bient\u00f4t : Une page pour d\u00e9crire notre strat\u00e9gie en ce qui concerne le mod\u00e8le d&rsquo;entreprise que nous sommes en train de d\u00e9velopper.<\/p>\t\t\t\t\t\t\t\t<\/div>\n\t\t\t\t<\/div>\n\t\t\t\t\t<\/div>\n\t\t<\/div>\n\t\t\t\t\t<\/div>\n\t\t<\/section>\n\t\t\t\t<section class=\"elementor-section elementor-top-section elementor-element elementor-element-9ff53e0 elementor-section-stretched elementor-section-boxed elementor-section-height-default elementor-section-height-default wpr-particle-no wpr-jarallax-no wpr-parallax-no wpr-sticky-section-no wpr-equal-height-no\" data-id=\"9ff53e0\" data-element_type=\"section\" data-e-type=\"section\" data-settings=\"{&quot;stretch_section&quot;:&quot;section-stretched&quot;,&quot;background_background&quot;:&quot;classic&quot;}\">\n\t\t\t\t\t\t<div class=\"elementor-container elementor-column-gap-wider\">\n\t\t\t\t\t<div class=\"elementor-column elementor-col-100 elementor-top-column elementor-element elementor-element-3414bbc\" data-id=\"3414bbc\" data-element_type=\"column\" data-e-type=\"column\">\n\t\t\t<div class=\"elementor-widget-wrap elementor-element-populated\">\n\t\t\t\t\t\t<div class=\"elementor-element elementor-element-d9b397a elementor-widget elementor-widget-image\" data-id=\"d9b397a\" data-element_type=\"widget\" data-e-type=\"widget\" data-widget_type=\"image.default\">\n\t\t\t\t<div class=\"elementor-widget-container\">\n\t\t\t\t\t\t\t\t\t\t\t\t\t\t\t<img fetchpriority=\"high\" decoding=\"async\" width=\"1000\" height=\"180\" src=\"https:\/\/www.infuse.earth\/wp-content\/uploads\/2024\/08\/IINFUSE_LOGOTYPE_WORDMARK_WHITE_GOLD_1000-e1768870846497.webp\" class=\"attachment-full size-full wp-image-12584 wp-post-image\" alt=\"\" \/>\t\t\t\t\t\t\t\t\t\t\t\t\t\t\t<\/div>\n\t\t\t\t<\/div>\n\t\t\t\t<div class=\"elementor-element elementor-element-ce66c3c elementor-widget elementor-widget-spacer\" data-id=\"ce66c3c\" data-element_type=\"widget\" data-e-type=\"widget\" data-widget_type=\"spacer.default\">\n\t\t\t\t<div class=\"elementor-widget-container\">\n\t\t\t\t\t\t\t<div class=\"elementor-spacer\">\n\t\t\t<div class=\"elementor-spacer-inner\"><\/div>\n\t\t<\/div>\n\t\t\t\t\t\t<\/div>\n\t\t\t\t<\/div>\n\t\t\t\t<section class=\"elementor-section elementor-inner-section elementor-element elementor-element-9bcfc05 elementor-section-content-top elementor-section-full_width elementor-section-height-default elementor-section-height-default wpr-particle-no wpr-jarallax-no wpr-parallax-no wpr-sticky-section-no wpr-equal-height-no\" data-id=\"9bcfc05\" data-element_type=\"section\" data-e-type=\"section\">\n\t\t\t\t\t\t<div class=\"elementor-container elementor-column-gap-default\">\n\t\t\t\t\t<div class=\"elementor-column elementor-col-50 elementor-inner-column elementor-element elementor-element-eaea62d\" data-id=\"eaea62d\" data-element_type=\"column\" data-e-type=\"column\" data-settings=\"{&quot;background_background&quot;:&quot;classic&quot;}\">\n\t\t\t<div class=\"elementor-widget-wrap elementor-element-populated\">\n\t\t\t\t\t\t<div class=\"elementor-element elementor-element-5e2edd3 elementor-widget elementor-widget-text-editor\" data-id=\"5e2edd3\" data-element_type=\"widget\" data-e-type=\"widget\" data-widget_type=\"text-editor.default\">\n\t\t\t\t<div class=\"elementor-widget-container\">\n\t\t\t\t\t\t\t\t\t<p>J&rsquo;infuse, me rappelant de qui Je Suis<\/p><p>J&rsquo;absorbe la sagesse de la Terre par de \u00ab\u00a0simples\u00a0\u00bb infusions<\/p><p>Ces grandes ma\u00eetresses v\u00e9g\u00e9tales oubli\u00e9es et pourtant \u00e0 la vue de tous.<br \/><br \/>Viennent activer notre plein potentiel.<br \/><br \/><\/p><p>Juste une tasse,<\/p><p>Peut nous guider vers notre v\u00e9ritable essence,<\/p><p>Nous rappeler, quel est notre propre chemin.<\/p><p>Telle une impulsion de vie, pour surmonter ses limites.<br \/><br \/><\/p><p>Doucement,<\/p><p>Je m&rsquo;infuse simplement,<\/p><p>Je connecte \u00e0 mes sens,<\/p><p>Je me reconnecte \u00e0 mon Moi.<\/p>\t\t\t\t\t\t\t\t<\/div>\n\t\t\t\t<\/div>\n\t\t\t\t\t<\/div>\n\t\t<\/div>\n\t\t\t\t<div class=\"elementor-column elementor-col-50 elementor-inner-column elementor-element elementor-element-c1d2f02\" data-id=\"c1d2f02\" data-element_type=\"column\" data-e-type=\"column\" data-settings=\"{&quot;background_background&quot;:&quot;classic&quot;}\">\n\t\t\t<div class=\"elementor-widget-wrap elementor-element-populated\">\n\t\t\t\t\t\t<div class=\"elementor-element elementor-element-4afb0dc elementor-widget elementor-widget-image\" data-id=\"4afb0dc\" data-element_type=\"widget\" data-e-type=\"widget\" data-widget_type=\"image.default\">\n\t\t\t\t<div class=\"elementor-widget-container\">\n\t\t\t\t\t\t\t\t\t\t\t\t\t\t\t<img decoding=\"async\" width=\"1200\" height=\"801\" src=\"https:\/\/www.infuse.earth\/wp-content\/uploads\/2024\/08\/2b9deac1dea21da1c574edf8de07efeb-1200x801.webp\" class=\"attachment-large size-large wp-image-12597 wp-post-image\" alt=\"\" srcset=\"https:\/\/www.infuse.earth\/wp-content\/uploads\/2024\/08\/2b9deac1dea21da1c574edf8de07efeb-1200x801.webp 1200w, https:\/\/www.infuse.earth\/wp-content\/uploads\/2024\/08\/2b9deac1dea21da1c574edf8de07efeb-800x534.webp 800w, https:\/\/www.infuse.earth\/wp-content\/uploads\/2024\/08\/2b9deac1dea21da1c574edf8de07efeb-500x334.webp 500w, https:\/\/www.infuse.earth\/wp-content\/uploads\/2024\/08\/2b9deac1dea21da1c574edf8de07efeb-300x200.webp 300w, https:\/\/www.infuse.earth\/wp-content\/uploads\/2024\/08\/2b9deac1dea21da1c574edf8de07efeb-768x513.webp 768w, https:\/\/www.infuse.earth\/wp-content\/uploads\/2024\/08\/2b9deac1dea21da1c574edf8de07efeb-18x12.webp 18w, https:\/\/www.infuse.earth\/wp-content\/uploads\/2024\/08\/2b9deac1dea21da1c574edf8de07efeb-112x75.webp 112w, https:\/\/www.infuse.earth\/wp-content\/uploads\/2024\/08\/2b9deac1dea21da1c574edf8de07efeb-480x321.webp 480w, https:\/\/www.infuse.earth\/wp-content\/uploads\/2024\/08\/2b9deac1dea21da1c574edf8de07efeb.webp 1204w\" sizes=\"(max-width:767px) 480px, (max-width:1200px) 100vw, 1200px\" \/>\t\t\t\t\t\t\t\t\t\t\t\t\t\t\t<\/div>\n\t\t\t\t<\/div>\n\t\t\t\t\t<\/div>\n\t\t<\/div>\n\t\t\t\t\t<\/div>\n\t\t<\/section>\n\t\t\t\t<section class=\"elementor-section elementor-inner-section elementor-element elementor-element-4c062a5 elementor-section-content-top elementor-section-full_width elementor-reverse-tablet elementor-reverse-mobile elementor-section-height-default elementor-section-height-default wpr-particle-no wpr-jarallax-no wpr-parallax-no wpr-sticky-section-no wpr-equal-height-no\" data-id=\"4c062a5\" data-element_type=\"section\" data-e-type=\"section\">\n\t\t\t\t\t\t<div class=\"elementor-container elementor-column-gap-default\">\n\t\t\t\t\t<div class=\"elementor-column elementor-col-50 elementor-inner-column elementor-element elementor-element-0968112\" data-id=\"0968112\" data-element_type=\"column\" data-e-type=\"column\" data-settings=\"{&quot;background_background&quot;:&quot;classic&quot;}\">\n\t\t\t<div class=\"elementor-widget-wrap elementor-element-populated\">\n\t\t\t\t\t\t<div class=\"elementor-element elementor-element-4ee3b77 elementor-widget elementor-widget-image\" data-id=\"4ee3b77\" data-element_type=\"widget\" data-e-type=\"widget\" data-widget_type=\"image.default\">\n\t\t\t\t<div class=\"elementor-widget-container\">\n\t\t\t\t\t\t\t\t\t\t\t\t\t\t\t<img loading=\"lazy\" decoding=\"async\" width=\"2000\" height=\"1335\" src=\"https:\/\/www.infuse.earth\/wp-content\/uploads\/2023\/12\/Blue-Lotus5.webp\" class=\"attachment-full size-full wp-image-10833 wp-post-image\" alt=\"\" srcset=\"https:\/\/www.infuse.earth\/wp-content\/uploads\/2023\/12\/Blue-Lotus5.webp 2000w, https:\/\/www.infuse.earth\/wp-content\/uploads\/2023\/12\/Blue-Lotus5-800x534.webp 800w, https:\/\/www.infuse.earth\/wp-content\/uploads\/2023\/12\/Blue-Lotus5-500x334.webp 500w, https:\/\/www.infuse.earth\/wp-content\/uploads\/2023\/12\/Blue-Lotus5-1200x801.webp 1200w, https:\/\/www.infuse.earth\/wp-content\/uploads\/2023\/12\/Blue-Lotus5-300x200.webp 300w, https:\/\/www.infuse.earth\/wp-content\/uploads\/2023\/12\/Blue-Lotus5-768x513.webp 768w, https:\/\/www.infuse.earth\/wp-content\/uploads\/2023\/12\/Blue-Lotus5-1536x1025.webp 1536w, https:\/\/www.infuse.earth\/wp-content\/uploads\/2023\/12\/Blue-Lotus5-112x75.webp 112w, https:\/\/www.infuse.earth\/wp-content\/uploads\/2023\/12\/Blue-Lotus5-480x320.webp 480w\" sizes=\"(max-width:767px) 480px, (max-width:2000px) 100vw, 2000px\" \/>\t\t\t\t\t\t\t\t\t\t\t\t\t\t\t<\/div>\n\t\t\t\t<\/div>\n\t\t\t\t\t<\/div>\n\t\t<\/div>\n\t\t\t\t<div class=\"elementor-column elementor-col-50 elementor-inner-column elementor-element elementor-element-f30c7ce\" data-id=\"f30c7ce\" data-element_type=\"column\" data-e-type=\"column\" data-settings=\"{&quot;background_background&quot;:&quot;classic&quot;}\">\n\t\t\t<div class=\"elementor-widget-wrap elementor-element-populated\">\n\t\t\t\t\t\t<div class=\"elementor-element elementor-element-c7d3dcb elementor-widget elementor-widget-text-editor\" data-id=\"c7d3dcb\" data-element_type=\"widget\" data-e-type=\"widget\" data-widget_type=\"text-editor.default\">\n\t\t\t\t<div class=\"elementor-widget-container\">\n\t\t\t\t\t\t\t\t\t<p>Je remercie la sagesse ancienne de ces pr\u00e9cieuses mol\u00e9cules<\/p><p>La magie des plantes de l&rsquo;Apothicaire de M\u00e8re Terre.<\/p><p>La nature est au service de notre corps,<\/p><p>La nature est au service de notre \u00e9volution.<\/p><p>\u00a0<\/p><p>Nous avons toujours v\u00e9cu avec elle,<\/p><p>J&rsquo;infuse, pour me rappeler que je suis aussi la Nature.<\/p><p>Cette nature qui m&rsquo;entoure constamment, c&rsquo;est moi.<\/p><p>Et s&rsquo;il me suffisait seulement d&rsquo;une infusion,<\/p><p>Pour revenir \u00e0 l&rsquo;\u00e9coute profonde, \u00e0 la simple pr\u00e9sence, la gratitude, les rituels, les pri\u00e8res, le R\u00eave&#8230;<\/p>\t\t\t\t\t\t\t\t<\/div>\n\t\t\t\t<\/div>\n\t\t\t\t\t<\/div>\n\t\t<\/div>\n\t\t\t\t\t<\/div>\n\t\t<\/section>\n\t\t\t\t\t<\/div>\n\t\t<\/div>\n\t\t\t\t\t<\/div>\n\t\t<\/section>\n\t\t\t\t<\/div>\n\t\t","protected":false},"excerpt":{"rendered":"<p>Notre VISION Favoriser l&rsquo;\u00e9mergence d&rsquo;une soci\u00e9t\u00e9 en harmonie avec tous les \u00eatres vivants \u00c0 travers une activit\u00e9 qui honore la nature, les forces f\u00e9minines, la sagesse<span class=\"excerpt-hellip\"> [\u2026]<\/span><\/p>\n","protected":false},"author":1,"featured_media":0,"parent":0,"menu_order":0,"comment_status":"open","ping_status":"closed","template":"","meta":{"_acf_changed":false,"footnotes":""},"class_list":["post-12699","page","type-page","status-publish","hentry"],"acf":[],"yoast_head":"<!-- This site is optimized with the Yoast SEO plugin v27.4 - https:\/\/yoast.com\/product\/yoast-seo-wordpress\/ -->\n<title>Our Mission - Infuse<\/title>\n<meta name=\"robots\" content=\"index, follow, max-snippet:-1, max-image-preview:large, max-video-preview:-1\" \/>\n<link rel=\"canonical\" href=\"https:\/\/www.infuse.earth\/our-mission\/\" \/>\n<meta property=\"og:locale\" content=\"fr_FR\" \/>\n<meta property=\"og:type\" content=\"article\" \/>\n<meta property=\"og:title\" content=\"Our Mission - Infuse\" \/>\n<meta property=\"og:description\" content=\"Notre VISION Favoriser l&rsquo;\u00e9mergence d&rsquo;une soci\u00e9t\u00e9 en harmonie avec tous les \u00eatres vivants \u00c0 travers une activit\u00e9 qui honore la nature, les forces f\u00e9minines, la sagesse [\u2026]\" \/>\n<meta property=\"og:url\" content=\"https:\/\/www.infuse.earth\/our-mission\/\" \/>\n<meta property=\"og:site_name\" content=\"Infuse\" \/>\n<meta property=\"article:publisher\" content=\"https:\/\/www.facebook.com\/ubulawu\" \/>\n<meta property=\"article:modified_time\" content=\"2026-01-20T01:13:13+00:00\" \/>\n<meta property=\"og:image\" content=\"https:\/\/www.infuse.earth\/wp-content\/uploads\/2024\/08\/star_dot.webp\" \/>\n<meta name=\"twitter:card\" content=\"summary_large_image\" \/>\n<meta name=\"twitter:label1\" content=\"Dur\u00e9e de lecture estim\u00e9e\" \/>\n\t<meta name=\"twitter:data1\" content=\"3 minutes\" \/>\n<script type=\"application\/ld+json\" class=\"yoast-schema-graph\">{\"@context\":\"https:\\\/\\\/schema.org\",\"@graph\":[{\"@type\":\"WebPage\",\"@id\":\"https:\\\/\\\/www.infuse.earth\\\/our-mission\\\/\",\"url\":\"https:\\\/\\\/www.infuse.earth\\\/our-mission\\\/\",\"name\":\"Our Mission - Infuse\",\"isPartOf\":{\"@id\":\"https:\\\/\\\/www.infuse.earth\\\/es\\\/#website\"},\"primaryImageOfPage\":{\"@id\":\"https:\\\/\\\/www.infuse.earth\\\/our-mission\\\/#primaryimage\"},\"image\":{\"@id\":\"https:\\\/\\\/www.infuse.earth\\\/our-mission\\\/#primaryimage\"},\"thumbnailUrl\":\"https:\\\/\\\/www.infuse.earth\\\/wp-content\\\/uploads\\\/2024\\\/08\\\/star_dot.webp\",\"datePublished\":\"2024-08-06T16:51:23+00:00\",\"dateModified\":\"2026-01-20T01:13:13+00:00\",\"breadcrumb\":{\"@id\":\"https:\\\/\\\/www.infuse.earth\\\/our-mission\\\/#breadcrumb\"},\"inLanguage\":\"fr-FR\",\"potentialAction\":[{\"@type\":\"ReadAction\",\"target\":[\"https:\\\/\\\/www.infuse.earth\\\/our-mission\\\/\"]}]},{\"@type\":\"ImageObject\",\"inLanguage\":\"fr-FR\",\"@id\":\"https:\\\/\\\/www.infuse.earth\\\/our-mission\\\/#primaryimage\",\"url\":\"https:\\\/\\\/www.infuse.earth\\\/wp-content\\\/uploads\\\/2024\\\/08\\\/star_dot.webp\",\"contentUrl\":\"https:\\\/\\\/www.infuse.earth\\\/wp-content\\\/uploads\\\/2024\\\/08\\\/star_dot.webp\"},{\"@type\":\"BreadcrumbList\",\"@id\":\"https:\\\/\\\/www.infuse.earth\\\/our-mission\\\/#breadcrumb\",\"itemListElement\":[{\"@type\":\"ListItem\",\"position\":1,\"name\":\"Home\",\"item\":\"https:\\\/\\\/www.infuse.earth\\\/\"},{\"@type\":\"ListItem\",\"position\":2,\"name\":\"Our Mission\"}]},{\"@type\":\"WebSite\",\"@id\":\"https:\\\/\\\/www.infuse.earth\\\/es\\\/#website\",\"url\":\"https:\\\/\\\/www.infuse.earth\\\/es\\\/\",\"name\":\"Infuse\",\"description\":\"\",\"publisher\":{\"@id\":\"https:\\\/\\\/www.infuse.earth\\\/es\\\/#organization\"},\"potentialAction\":[{\"@type\":\"SearchAction\",\"target\":{\"@type\":\"EntryPoint\",\"urlTemplate\":\"https:\\\/\\\/www.infuse.earth\\\/es\\\/?s={search_term_string}\"},\"query-input\":{\"@type\":\"PropertyValueSpecification\",\"valueRequired\":true,\"valueName\":\"search_term_string\"}}],\"inLanguage\":\"fr-FR\"},{\"@type\":\"Organization\",\"@id\":\"https:\\\/\\\/www.infuse.earth\\\/es\\\/#organization\",\"name\":\"I Infuse\",\"url\":\"https:\\\/\\\/www.infuse.earth\\\/es\\\/\",\"logo\":{\"@type\":\"ImageObject\",\"inLanguage\":\"fr-FR\",\"@id\":\"https:\\\/\\\/www.infuse.earth\\\/es\\\/#\\\/schema\\\/logo\\\/image\\\/\",\"url\":\"https:\\\/\\\/www.infuse.earth\\\/wp-content\\\/uploads\\\/2024\\\/08\\\/Favicon-original.webp\",\"contentUrl\":\"https:\\\/\\\/www.infuse.earth\\\/wp-content\\\/uploads\\\/2024\\\/08\\\/Favicon-original.webp\",\"width\":512,\"height\":512,\"caption\":\"I Infuse\"},\"image\":{\"@id\":\"https:\\\/\\\/www.infuse.earth\\\/es\\\/#\\\/schema\\\/logo\\\/image\\\/\"},\"sameAs\":[\"https:\\\/\\\/www.facebook.com\\\/ubulawu\",\"https:\\\/\\\/www.instagram.com\\\/infuse.earth\",\"https:\\\/\\\/discord.com\\\/invite\\\/YPtGuGzy\"]}]}<\/script>\n<!-- \/ Yoast SEO plugin. -->","yoast_head_json":{"title":"Our Mission - Infuse","robots":{"index":"index","follow":"follow","max-snippet":"max-snippet:-1","max-image-preview":"max-image-preview:large","max-video-preview":"max-video-preview:-1"},"canonical":"https:\/\/www.infuse.earth\/our-mission\/","og_locale":"fr_FR","og_type":"article","og_title":"Our Mission - Infuse","og_description":"Notre VISION Favoriser l&rsquo;\u00e9mergence d&rsquo;une soci\u00e9t\u00e9 en harmonie avec tous les \u00eatres vivants \u00c0 travers une activit\u00e9 qui honore la nature, les forces f\u00e9minines, la sagesse [\u2026]","og_url":"https:\/\/www.infuse.earth\/our-mission\/","og_site_name":"Infuse","article_publisher":"https:\/\/www.facebook.com\/ubulawu","article_modified_time":"2026-01-20T01:13:13+00:00","og_image":[{"url":"https:\/\/www.infuse.earth\/wp-content\/uploads\/2024\/08\/star_dot.webp","type":"","width":"","height":""}],"twitter_card":"summary_large_image","twitter_misc":{"Dur\u00e9e de lecture estim\u00e9e":"3 minutes"},"schema":{"@context":"https:\/\/schema.org","@graph":[{"@type":"WebPage","@id":"https:\/\/www.infuse.earth\/our-mission\/","url":"https:\/\/www.infuse.earth\/our-mission\/","name":"Our Mission - Infuse","isPartOf":{"@id":"https:\/\/www.infuse.earth\/es\/#website"},"primaryImageOfPage":{"@id":"https:\/\/www.infuse.earth\/our-mission\/#primaryimage"},"image":{"@id":"https:\/\/www.infuse.earth\/our-mission\/#primaryimage"},"thumbnailUrl":"https:\/\/www.infuse.earth\/wp-content\/uploads\/2024\/08\/star_dot.webp","datePublished":"2024-08-06T16:51:23+00:00","dateModified":"2026-01-20T01:13:13+00:00","breadcrumb":{"@id":"https:\/\/www.infuse.earth\/our-mission\/#breadcrumb"},"inLanguage":"fr-FR","potentialAction":[{"@type":"ReadAction","target":["https:\/\/www.infuse.earth\/our-mission\/"]}]},{"@type":"ImageObject","inLanguage":"fr-FR","@id":"https:\/\/www.infuse.earth\/our-mission\/#primaryimage","url":"https:\/\/www.infuse.earth\/wp-content\/uploads\/2024\/08\/star_dot.webp","contentUrl":"https:\/\/www.infuse.earth\/wp-content\/uploads\/2024\/08\/star_dot.webp"},{"@type":"BreadcrumbList","@id":"https:\/\/www.infuse.earth\/our-mission\/#breadcrumb","itemListElement":[{"@type":"ListItem","position":1,"name":"Home","item":"https:\/\/www.infuse.earth\/"},{"@type":"ListItem","position":2,"name":"Our Mission"}]},{"@type":"WebSite","@id":"https:\/\/www.infuse.earth\/es\/#website","url":"https:\/\/www.infuse.earth\/es\/","name":"Infuse","description":"","publisher":{"@id":"https:\/\/www.infuse.earth\/es\/#organization"},"potentialAction":[{"@type":"SearchAction","target":{"@type":"EntryPoint","urlTemplate":"https:\/\/www.infuse.earth\/es\/?s={search_term_string}"},"query-input":{"@type":"PropertyValueSpecification","valueRequired":true,"valueName":"search_term_string"}}],"inLanguage":"fr-FR"},{"@type":"Organization","@id":"https:\/\/www.infuse.earth\/es\/#organization","name":"I Infuse","url":"https:\/\/www.infuse.earth\/es\/","logo":{"@type":"ImageObject","inLanguage":"fr-FR","@id":"https:\/\/www.infuse.earth\/es\/#\/schema\/logo\/image\/","url":"https:\/\/www.infuse.earth\/wp-content\/uploads\/2024\/08\/Favicon-original.webp","contentUrl":"https:\/\/www.infuse.earth\/wp-content\/uploads\/2024\/08\/Favicon-original.webp","width":512,"height":512,"caption":"I Infuse"},"image":{"@id":"https:\/\/www.infuse.earth\/es\/#\/schema\/logo\/image\/"},"sameAs":["https:\/\/www.facebook.com\/ubulawu","https:\/\/www.instagram.com\/infuse.earth","https:\/\/discord.com\/invite\/YPtGuGzy"]}]}},"_links":{"self":[{"href":"https:\/\/www.infuse.earth\/fr\/wp-json\/wp\/v2\/pages\/12699","targetHints":{"allow":["GET"]}}],"collection":[{"href":"https:\/\/www.infuse.earth\/fr\/wp-json\/wp\/v2\/pages"}],"about":[{"href":"https:\/\/www.infuse.earth\/fr\/wp-json\/wp\/v2\/types\/page"}],"author":[{"embeddable":true,"href":"https:\/\/www.infuse.earth\/fr\/wp-json\/wp\/v2\/users\/1"}],"replies":[{"embeddable":true,"href":"https:\/\/www.infuse.earth\/fr\/wp-json\/wp\/v2\/comments?post=12699"}],"version-history":[{"count":18,"href":"https:\/\/www.infuse.earth\/fr\/wp-json\/wp\/v2\/pages\/12699\/revisions"}],"predecessor-version":[{"id":15984,"href":"https:\/\/www.infuse.earth\/fr\/wp-json\/wp\/v2\/pages\/12699\/revisions\/15984"}],"wp:attachment":[{"href":"https:\/\/www.infuse.earth\/fr\/wp-json\/wp\/v2\/media?parent=12699"}],"curies":[{"name":"wp","href":"https:\/\/api.w.org\/{rel}","templated":true}]}}