{"id":12695,"date":"2024-10-03T19:53:33","date_gmt":"2024-10-03T19:53:33","guid":{"rendered":"https:\/\/www.infuse.earth\/wholesale-retail\/"},"modified":"2026-01-04T14:07:26","modified_gmt":"2026-01-04T14:07:26","slug":"wholesale-retail","status":"publish","type":"page","link":"https:\/\/www.infuse.earth\/fr\/wholesale-retail\/","title":{"rendered":"Grossiste &amp; Revente"},"content":{"rendered":"\t\t<div data-elementor-type=\"wp-page\" data-elementor-id=\"12695\" class=\"elementor elementor-12695 elementor-9180\" data-elementor-post-type=\"page\">\n\t\t\t\t\t\t<section class=\"elementor-section elementor-top-section elementor-element elementor-element-bede4ab elementor-section-stretched elementor-section-boxed elementor-section-height-default elementor-section-height-default wpr-particle-no wpr-jarallax-no wpr-parallax-no wpr-sticky-section-no wpr-equal-height-no\" data-id=\"bede4ab\" data-element_type=\"section\" data-e-type=\"section\" data-settings=\"{&quot;stretch_section&quot;:&quot;section-stretched&quot;,&quot;background_background&quot;:&quot;classic&quot;}\">\n\t\t\t\t\t\t<div class=\"elementor-container elementor-column-gap-wider\">\n\t\t\t\t\t<div class=\"elementor-column elementor-col-100 elementor-top-column elementor-element elementor-element-b5add25\" data-id=\"b5add25\" data-element_type=\"column\" data-e-type=\"column\">\n\t\t\t<div class=\"elementor-widget-wrap elementor-element-populated\">\n\t\t\t\t\t\t<section class=\"elementor-section elementor-inner-section elementor-element elementor-element-38d2226 elementor-section-boxed elementor-section-height-default elementor-section-height-default wpr-particle-no wpr-jarallax-no wpr-parallax-no wpr-sticky-section-no wpr-equal-height-no\" data-id=\"38d2226\" data-element_type=\"section\" data-e-type=\"section\">\n\t\t\t\t\t\t<div class=\"elementor-container elementor-column-gap-default\">\n\t\t\t\t\t<div class=\"elementor-column elementor-col-100 elementor-inner-column elementor-element elementor-element-02e6f71\" data-id=\"02e6f71\" data-element_type=\"column\" data-e-type=\"column\">\n\t\t\t<div class=\"elementor-widget-wrap elementor-element-populated\">\n\t\t\t\t\t\t<div class=\"elementor-element elementor-element-69de70a elementor-widget elementor-widget-heading\" data-id=\"69de70a\" data-element_type=\"widget\" data-e-type=\"widget\" data-widget_type=\"heading.default\">\n\t\t\t\t<div class=\"elementor-widget-container\">\n\t\t\t\t\t<h2 class=\"elementor-heading-title elementor-size-default\">10 ann\u00e9es d'exp\u00e9rience dans l'approvisionnement \u00e9thique de plantes de haute qualit\u00e9.\n<\/h2>\t\t\t\t<\/div>\n\t\t\t\t<\/div>\n\t\t\t\t<div class=\"elementor-element elementor-element-0b1f4ac elementor-widget elementor-widget-text-editor\" data-id=\"0b1f4ac\" data-element_type=\"widget\" data-e-type=\"widget\" data-widget_type=\"text-editor.default\">\n\t\t\t\t<div class=\"elementor-widget-container\">\n\t\t\t\t\t\t\t\t\t<p><strong>Nous proposons nos herbes en vrac ou pr\u00e9emball\u00e9es, pr\u00eates \u00e0 la revente.<\/strong><\/p><p>\u00c0 ce jour, I-Infuse distribue des produits \u00e0 base de plantes \u00e0 un large \u00e9ventail de magasins et de professionnels, notamment des magasins de CBD \u00e0 travers l&rsquo;Europe, des plateformes de e-commerce et des cr\u00e9ateurs \u00e0 la recherche d&rsquo;ingr\u00e9dients de haute qualit\u00e9 pour leurs propres cr\u00e9ations (m\u00e9langes d&rsquo;herbes, cosm\u00e9tiques, encens, etc.).<\/p><p>Nous sommes enthousiastes \u00e0 l&rsquo;id\u00e9e de conna\u00eetre votre projet et sommes pr\u00eats \u00e0 vous proposer une offre personnalis\u00e9e adapt\u00e9e \u00e0 vos besoins sp\u00e9cifiques.<\/p><p>I-Infuse \u00e0 c\u0153ur de soutenir des projets jeunes et atypiques d\u00e8s leur cr\u00e9ation. N&rsquo;h\u00e9sitez pas \u00e0 nous contacter !<\/p><p>Si vous \u00eates th\u00e9rapeute ou animateur d&rsquo;\u00e9v\u00e9nements, d&rsquo;ateliers, etc., d\u00e9couvrez notre\u00a0<strong>Service \u00ab\u00a0Enhance\u00a0\u00bb<\/strong>\u00a0Une proposition de service d\u00e9sign\u00e9e sp\u00e9cialement pour soutenir votre mission\u202f!<\/p><p><em>Nous r\u00e9pondons g\u00e9n\u00e9ralement dans un d\u00e9lai de 1 \u00e0 2 jours ouvrables.<\/em><\/p><p><u>Par courrier \u00e9lectronique :<\/u><\/p><p><a href=\"mailto:Collabs@infuse.earth\">Collabs@infuse.earth <\/a><\/p><p>&gt; Ou en remplissant le formulaire ci-dessous:<\/p>\t\t\t\t\t\t\t\t<\/div>\n\t\t\t\t<\/div>\n\t\t\t\t<div class=\"elementor-element elementor-element-2c0d585 elementor-button-align-stretch elementor-widget elementor-widget-form\" data-id=\"2c0d585\" data-element_type=\"widget\" data-e-type=\"widget\" data-settings=\"{&quot;step_next_label&quot;:&quot;Next&quot;,&quot;step_previous_label&quot;:&quot;Previous&quot;,&quot;button_width&quot;:&quot;100&quot;,&quot;step_type&quot;:&quot;number_text&quot;,&quot;step_icon_shape&quot;:&quot;circle&quot;}\" data-widget_type=\"form.default\">\n\t\t\t\t<div class=\"elementor-widget-container\">\n\t\t\t\t\t\t\t<form class=\"elementor-form\" method=\"post\" name=\"B2B Form\" aria-label=\"B2B Form\">\n\t\t\t<input type=\"hidden\" name=\"post_id\" value=\"12695\"\/>\n\t\t\t<input type=\"hidden\" name=\"form_id\" value=\"2c0d585\"\/>\n\t\t\t<input type=\"hidden\" name=\"referer_title\" value=\"Grossiste &amp; Revente - Infuse\" \/>\n\n\t\t\t\t\t\t\t<input type=\"hidden\" name=\"queried_id\" value=\"12695\"\/>\n\t\t\t\n\t\t\t<div class=\"elementor-form-fields-wrapper elementor-labels-above\">\n\t\t\t\t\t\t\t\t<div class=\"elementor-field-type-text elementor-field-group elementor-column elementor-field-group-name elementor-col-100\">\n\t\t\t\t\t\t\t\t\t\t\t\t<label for=\"form-field-name\" class=\"elementor-field-label\">\n\t\t\t\t\t\t\t\tNom\t\t\t\t\t\t\t<\/label>\n\t\t\t\t\t\t\t\t\t\t\t\t\t\t<input size=\"1\" type=\"text\" name=\"form_fields[name]\" id=\"form-field-name\" class=\"elementor-field elementor-size-sm  elementor-field-textual\" placeholder=\"Nom\">\n\t\t\t\t\t\t\t\t\t\t\t<\/div>\n\t\t\t\t\t\t\t\t<div class=\"elementor-field-type-text elementor-field-group elementor-column elementor-field-group-field_f0e83ae elementor-col-100\">\n\t\t\t\t\t\t\t\t\t\t\t\t<label for=\"form-field-field_f0e83ae\" class=\"elementor-field-label\">\n\t\t\t\t\t\t\t\tNom de l'entreprise\t\t\t\t\t\t\t<\/label>\n\t\t\t\t\t\t\t\t\t\t\t\t\t\t<input size=\"1\" type=\"text\" name=\"form_fields[field_f0e83ae]\" id=\"form-field-field_f0e83ae\" class=\"elementor-field elementor-size-sm  elementor-field-textual\" placeholder=\"Nom de l&#039;entreprise\">\n\t\t\t\t\t\t\t\t\t\t\t<\/div>\n\t\t\t\t\t\t\t\t<div class=\"elementor-field-type-email elementor-field-group elementor-column elementor-field-group-email elementor-col-100 elementor-field-required\">\n\t\t\t\t\t\t\t\t\t\t\t\t<label for=\"form-field-email\" class=\"elementor-field-label\">\n\t\t\t\t\t\t\t\tEmail\t\t\t\t\t\t\t<\/label>\n\t\t\t\t\t\t\t\t\t\t\t\t\t\t<input size=\"1\" type=\"email\" name=\"form_fields[email]\" id=\"form-field-email\" class=\"elementor-field elementor-size-sm  elementor-field-textual\" placeholder=\"Email\" required=\"required\">\n\t\t\t\t\t\t\t\t\t\t\t<\/div>\n\t\t\t\t\t\t\t\t<div class=\"elementor-field-type-textarea elementor-field-group elementor-column elementor-field-group-message elementor-col-100\">\n\t\t\t\t\t\t\t\t\t\t\t\t<label for=\"form-field-message\" class=\"elementor-field-label\">\n\t\t\t\t\t\t\t\tMessage\t\t\t\t\t\t\t<\/label>\n\t\t\t\t\t\t<textarea class=\"elementor-field-textual elementor-field  elementor-size-sm\" name=\"form_fields[message]\" id=\"form-field-message\" rows=\"4\" placeholder=\"Message\"><\/textarea>\t\t\t\t<\/div>\n\t\t\t\t\t\t\t\t<div class=\"elementor-field-group elementor-column elementor-field-type-submit elementor-col-100 e-form__buttons\">\n\t\t\t\t\t<button class=\"elementor-button elementor-size-sm\" type=\"submit\">\n\t\t\t\t\t\t<span class=\"elementor-button-content-wrapper\">\n\t\t\t\t\t\t\t\t\t\t\t\t\t\t\t\t\t\t\t\t\t\t<span class=\"elementor-button-text\">Envoyer<\/span>\n\t\t\t\t\t\t\t\t\t\t\t\t\t<\/span>\n\t\t\t\t\t<\/button>\n\t\t\t\t<\/div>\n\t\t\t<\/div>\n\t\t<\/form>\n\t\t\t\t\t\t<\/div>\n\t\t\t\t<\/div>\n\t\t\t\t<div class=\"elementor-element elementor-element-28c3739 elementor-widget elementor-widget-text-editor\" data-id=\"28c3739\" data-element_type=\"widget\" data-e-type=\"widget\" data-widget_type=\"text-editor.default\">\n\t\t\t\t<div class=\"elementor-widget-container\">\n\t\t\t\t\t\t\t\t\t<div class=\"elementor-element elementor-element-28c3739 elementor-widget elementor-widget-text-editor\" data-id=\"28c3739\" data-element_type=\"widget\" data-widget_type=\"text-editor.default\"><div class=\"elementor-widget-container\"><p>Suivez-nous sur les r\u00e9seaux sociaux :<\/p><\/div><\/div><div class=\"elementor-element elementor-element-5ecf010 elementor-shape-rounded elementor-grid-0 e-grid-align-center elementor-widget elementor-widget-social-icons\" data-id=\"5ecf010\" data-element_type=\"widget\" data-widget_type=\"social-icons.default\"><div class=\"elementor-widget-container\"><div class=\"elementor-social-icons-wrapper elementor-grid\">\u00a0<\/div><\/div><\/div>\t\t\t\t\t\t\t\t<\/div>\n\t\t\t\t<\/div>\n\t\t\t\t<div class=\"elementor-element elementor-element-5ecf010 elementor-shape-rounded elementor-grid-0 e-grid-align-center elementor-widget elementor-widget-social-icons\" data-id=\"5ecf010\" data-element_type=\"widget\" data-e-type=\"widget\" data-widget_type=\"social-icons.default\">\n\t\t\t\t<div class=\"elementor-widget-container\">\n\t\t\t\t\t\t\t<div class=\"elementor-social-icons-wrapper elementor-grid\" role=\"list\">\n\t\t\t\t\t\t\t<span class=\"elementor-grid-item\" role=\"listitem\">\n\t\t\t\t\t<a class=\"elementor-icon elementor-social-icon elementor-social-icon-instagram elementor-repeater-item-a212b21\" href=\"http:\/\/www.instagram.com\/infuse.earth\" target=\"_blank\">\n\t\t\t\t\t\t<span class=\"elementor-screen-only\">Instagram<\/span>\n\t\t\t\t\t\t<svg aria-hidden=\"true\" class=\"e-font-icon-svg e-fab-instagram\" viewBox=\"0 0 448 512\" xmlns=\"http:\/\/www.w3.org\/2000\/svg\"><path d=\"M224.1 141c-63.6 0-114.9 51.3-114.9 114.9s51.3 114.9 114.9 114.9S339 319.5 339 255.9 287.7 141 224.1 141zm0 189.6c-41.1 0-74.7-33.5-74.7-74.7s33.5-74.7 74.7-74.7 74.7 33.5 74.7 74.7-33.6 74.7-74.7 74.7zm146.4-194.3c0 14.9-12 26.8-26.8 26.8-14.9 0-26.8-12-26.8-26.8s12-26.8 26.8-26.8 26.8 12 26.8 26.8zm76.1 27.2c-1.7-35.9-9.9-67.7-36.2-93.9-26.2-26.2-58-34.4-93.9-36.2-37-2.1-147.9-2.1-184.9 0-35.8 1.7-67.6 9.9-93.9 36.1s-34.4 58-36.2 93.9c-2.1 37-2.1 147.9 0 184.9 1.7 35.9 9.9 67.7 36.2 93.9s58 34.4 93.9 36.2c37 2.1 147.9 2.1 184.9 0 35.9-1.7 67.7-9.9 93.9-36.2 26.2-26.2 34.4-58 36.2-93.9 2.1-37 2.1-147.8 0-184.8zM398.8 388c-7.8 19.6-22.9 34.7-42.6 42.6-29.5 11.7-99.5 9-132.1 9s-102.7 2.6-132.1-9c-19.6-7.8-34.7-22.9-42.6-42.6-11.7-29.5-9-99.5-9-132.1s-2.6-102.7 9-132.1c7.8-19.6 22.9-34.7 42.6-42.6 29.5-11.7 99.5-9 132.1-9s102.7-2.6 132.1 9c19.6 7.8 34.7 22.9 42.6 42.6 11.7 29.5 9 99.5 9 132.1s2.7 102.7-9 132.1z\"><\/path><\/svg>\t\t\t\t\t<\/a>\n\t\t\t\t<\/span>\n\t\t\t\t\t\t\t<span class=\"elementor-grid-item\" role=\"listitem\">\n\t\t\t\t\t<a class=\"elementor-icon elementor-social-icon elementor-social-icon-facebook elementor-repeater-item-23eb896\" href=\"http:\/\/www.facebook.com\/infuse.earth\" target=\"_blank\">\n\t\t\t\t\t\t<span class=\"elementor-screen-only\">Facebook<\/span>\n\t\t\t\t\t\t<svg aria-hidden=\"true\" class=\"e-font-icon-svg e-fab-facebook\" viewBox=\"0 0 512 512\" xmlns=\"http:\/\/www.w3.org\/2000\/svg\"><path d=\"M504 256C504 119 393 8 256 8S8 119 8 256c0 123.78 90.69 226.38 209.25 245V327.69h-63V256h63v-54.64c0-62.15 37-96.48 93.67-96.48 27.14 0 55.52 4.84 55.52 4.84v61h-31.28c-30.8 0-40.41 19.12-40.41 38.73V256h68.78l-11 71.69h-57.78V501C413.31 482.38 504 379.78 504 256z\"><\/path><\/svg>\t\t\t\t\t<\/a>\n\t\t\t\t<\/span>\n\t\t\t\t\t<\/div>\n\t\t\t\t\t\t<\/div>\n\t\t\t\t<\/div>\n\t\t\t\t\t<\/div>\n\t\t<\/div>\n\t\t\t\t\t<\/div>\n\t\t<\/section>\n\t\t\t\t\t<\/div>\n\t\t<\/div>\n\t\t\t\t\t<\/div>\n\t\t<\/section>\n\t\t\t\t<\/div>\n\t\t","protected":false},"excerpt":{"rendered":"<p>10 ann\u00e9es d&rsquo;exp\u00e9rience dans l&rsquo;approvisionnement \u00e9thique de plantes de haute qualit\u00e9. Nous proposons nos herbes en vrac ou pr\u00e9emball\u00e9es, pr\u00eates \u00e0 la revente. \u00c0 ce jour,<span class=\"excerpt-hellip\"> [\u2026]<\/span><\/p>\n","protected":false},"author":1,"featured_media":0,"parent":0,"menu_order":0,"comment_status":"open","ping_status":"closed","template":"","meta":{"_acf_changed":false,"footnotes":""},"class_list":["post-12695","page","type-page","status-publish","hentry"],"acf":[],"yoast_head":"<!-- This site is optimized with the Yoast SEO plugin v27.4 - https:\/\/yoast.com\/product\/yoast-seo-wordpress\/ -->\n<title>Grossiste &amp; Revente - Infuse<\/title>\n<meta name=\"description\" content=\"We are here for you. Whether you need help with your order, or desire to collaborate with us, do not hesitate to reach out!\" \/>\n<meta name=\"robots\" content=\"index, follow, max-snippet:-1, max-image-preview:large, max-video-preview:-1\" \/>\n<link rel=\"canonical\" href=\"https:\/\/www.infuse.earth\/fr\/wholesale-retail\/\" \/>\n<meta property=\"og:locale\" content=\"fr_FR\" \/>\n<meta property=\"og:type\" content=\"article\" \/>\n<meta property=\"og:title\" content=\"Grossiste &amp; Revente - Infuse\" \/>\n<meta property=\"og:description\" content=\"We are here for you. Whether you need help with your order, or desire to collaborate with us, do not hesitate to reach out!\" \/>\n<meta property=\"og:url\" content=\"https:\/\/www.infuse.earth\/fr\/wholesale-retail\/\" \/>\n<meta property=\"og:site_name\" content=\"Infuse\" \/>\n<meta property=\"article:publisher\" content=\"https:\/\/www.facebook.com\/ubulawu\" \/>\n<meta property=\"article:modified_time\" content=\"2026-01-04T14:07:26+00:00\" \/>\n<meta name=\"twitter:card\" content=\"summary_large_image\" \/>\n<meta name=\"twitter:label1\" content=\"Dur\u00e9e de lecture estim\u00e9e\" \/>\n\t<meta name=\"twitter:data1\" content=\"1 minute\" \/>\n<script type=\"application\/ld+json\" class=\"yoast-schema-graph\">{\"@context\":\"https:\\\/\\\/schema.org\",\"@graph\":[{\"@type\":\"WebPage\",\"@id\":\"https:\\\/\\\/www.infuse.earth\\\/fr\\\/wholesale-retail\\\/\",\"url\":\"https:\\\/\\\/www.infuse.earth\\\/fr\\\/wholesale-retail\\\/\",\"name\":\"Grossiste &amp; Revente - Infuse\",\"isPartOf\":{\"@id\":\"https:\\\/\\\/www.infuse.earth\\\/es\\\/#website\"},\"datePublished\":\"2024-10-03T19:53:33+00:00\",\"dateModified\":\"2026-01-04T14:07:26+00:00\",\"description\":\"We are here for you. Whether you need help with your order, or desire to collaborate with us, do not hesitate to reach out!\",\"breadcrumb\":{\"@id\":\"https:\\\/\\\/www.infuse.earth\\\/fr\\\/wholesale-retail\\\/#breadcrumb\"},\"inLanguage\":\"fr-FR\",\"potentialAction\":[{\"@type\":\"ReadAction\",\"target\":[\"https:\\\/\\\/www.infuse.earth\\\/fr\\\/wholesale-retail\\\/\"]}]},{\"@type\":\"BreadcrumbList\",\"@id\":\"https:\\\/\\\/www.infuse.earth\\\/fr\\\/wholesale-retail\\\/#breadcrumb\",\"itemListElement\":[{\"@type\":\"ListItem\",\"position\":1,\"name\":\"Home\",\"item\":\"https:\\\/\\\/www.infuse.earth\\\/\"},{\"@type\":\"ListItem\",\"position\":2,\"name\":\"Grossiste &amp; Revente\"}]},{\"@type\":\"WebSite\",\"@id\":\"https:\\\/\\\/www.infuse.earth\\\/es\\\/#website\",\"url\":\"https:\\\/\\\/www.infuse.earth\\\/es\\\/\",\"name\":\"Infuse\",\"description\":\"\",\"publisher\":{\"@id\":\"https:\\\/\\\/www.infuse.earth\\\/es\\\/#organization\"},\"potentialAction\":[{\"@type\":\"SearchAction\",\"target\":{\"@type\":\"EntryPoint\",\"urlTemplate\":\"https:\\\/\\\/www.infuse.earth\\\/es\\\/?s={search_term_string}\"},\"query-input\":{\"@type\":\"PropertyValueSpecification\",\"valueRequired\":true,\"valueName\":\"search_term_string\"}}],\"inLanguage\":\"fr-FR\"},{\"@type\":\"Organization\",\"@id\":\"https:\\\/\\\/www.infuse.earth\\\/es\\\/#organization\",\"name\":\"I Infuse\",\"url\":\"https:\\\/\\\/www.infuse.earth\\\/es\\\/\",\"logo\":{\"@type\":\"ImageObject\",\"inLanguage\":\"fr-FR\",\"@id\":\"https:\\\/\\\/www.infuse.earth\\\/es\\\/#\\\/schema\\\/logo\\\/image\\\/\",\"url\":\"https:\\\/\\\/www.infuse.earth\\\/wp-content\\\/uploads\\\/2024\\\/08\\\/Favicon-original.webp\",\"contentUrl\":\"https:\\\/\\\/www.infuse.earth\\\/wp-content\\\/uploads\\\/2024\\\/08\\\/Favicon-original.webp\",\"width\":512,\"height\":512,\"caption\":\"I Infuse\"},\"image\":{\"@id\":\"https:\\\/\\\/www.infuse.earth\\\/es\\\/#\\\/schema\\\/logo\\\/image\\\/\"},\"sameAs\":[\"https:\\\/\\\/www.facebook.com\\\/ubulawu\",\"https:\\\/\\\/www.instagram.com\\\/infuse.earth\",\"https:\\\/\\\/discord.com\\\/invite\\\/YPtGuGzy\"]}]}<\/script>\n<!-- \/ Yoast SEO plugin. -->","yoast_head_json":{"title":"Grossiste &amp; Revente - Infuse","description":"We are here for you. Whether you need help with your order, or desire to collaborate with us, do not hesitate to reach out!","robots":{"index":"index","follow":"follow","max-snippet":"max-snippet:-1","max-image-preview":"max-image-preview:large","max-video-preview":"max-video-preview:-1"},"canonical":"https:\/\/www.infuse.earth\/fr\/wholesale-retail\/","og_locale":"fr_FR","og_type":"article","og_title":"Grossiste &amp; Revente - Infuse","og_description":"We are here for you. Whether you need help with your order, or desire to collaborate with us, do not hesitate to reach out!","og_url":"https:\/\/www.infuse.earth\/fr\/wholesale-retail\/","og_site_name":"Infuse","article_publisher":"https:\/\/www.facebook.com\/ubulawu","article_modified_time":"2026-01-04T14:07:26+00:00","twitter_card":"summary_large_image","twitter_misc":{"Dur\u00e9e de lecture estim\u00e9e":"1 minute"},"schema":{"@context":"https:\/\/schema.org","@graph":[{"@type":"WebPage","@id":"https:\/\/www.infuse.earth\/fr\/wholesale-retail\/","url":"https:\/\/www.infuse.earth\/fr\/wholesale-retail\/","name":"Grossiste &amp; Revente - Infuse","isPartOf":{"@id":"https:\/\/www.infuse.earth\/es\/#website"},"datePublished":"2024-10-03T19:53:33+00:00","dateModified":"2026-01-04T14:07:26+00:00","description":"We are here for you. Whether you need help with your order, or desire to collaborate with us, do not hesitate to reach out!","breadcrumb":{"@id":"https:\/\/www.infuse.earth\/fr\/wholesale-retail\/#breadcrumb"},"inLanguage":"fr-FR","potentialAction":[{"@type":"ReadAction","target":["https:\/\/www.infuse.earth\/fr\/wholesale-retail\/"]}]},{"@type":"BreadcrumbList","@id":"https:\/\/www.infuse.earth\/fr\/wholesale-retail\/#breadcrumb","itemListElement":[{"@type":"ListItem","position":1,"name":"Home","item":"https:\/\/www.infuse.earth\/"},{"@type":"ListItem","position":2,"name":"Grossiste &amp; Revente"}]},{"@type":"WebSite","@id":"https:\/\/www.infuse.earth\/es\/#website","url":"https:\/\/www.infuse.earth\/es\/","name":"Infuse","description":"","publisher":{"@id":"https:\/\/www.infuse.earth\/es\/#organization"},"potentialAction":[{"@type":"SearchAction","target":{"@type":"EntryPoint","urlTemplate":"https:\/\/www.infuse.earth\/es\/?s={search_term_string}"},"query-input":{"@type":"PropertyValueSpecification","valueRequired":true,"valueName":"search_term_string"}}],"inLanguage":"fr-FR"},{"@type":"Organization","@id":"https:\/\/www.infuse.earth\/es\/#organization","name":"I Infuse","url":"https:\/\/www.infuse.earth\/es\/","logo":{"@type":"ImageObject","inLanguage":"fr-FR","@id":"https:\/\/www.infuse.earth\/es\/#\/schema\/logo\/image\/","url":"https:\/\/www.infuse.earth\/wp-content\/uploads\/2024\/08\/Favicon-original.webp","contentUrl":"https:\/\/www.infuse.earth\/wp-content\/uploads\/2024\/08\/Favicon-original.webp","width":512,"height":512,"caption":"I Infuse"},"image":{"@id":"https:\/\/www.infuse.earth\/es\/#\/schema\/logo\/image\/"},"sameAs":["https:\/\/www.facebook.com\/ubulawu","https:\/\/www.instagram.com\/infuse.earth","https:\/\/discord.com\/invite\/YPtGuGzy"]}]}},"_links":{"self":[{"href":"https:\/\/www.infuse.earth\/fr\/wp-json\/wp\/v2\/pages\/12695","targetHints":{"allow":["GET"]}}],"collection":[{"href":"https:\/\/www.infuse.earth\/fr\/wp-json\/wp\/v2\/pages"}],"about":[{"href":"https:\/\/www.infuse.earth\/fr\/wp-json\/wp\/v2\/types\/page"}],"author":[{"embeddable":true,"href":"https:\/\/www.infuse.earth\/fr\/wp-json\/wp\/v2\/users\/1"}],"replies":[{"embeddable":true,"href":"https:\/\/www.infuse.earth\/fr\/wp-json\/wp\/v2\/comments?post=12695"}],"version-history":[{"count":16,"href":"https:\/\/www.infuse.earth\/fr\/wp-json\/wp\/v2\/pages\/12695\/revisions"}],"predecessor-version":[{"id":15472,"href":"https:\/\/www.infuse.earth\/fr\/wp-json\/wp\/v2\/pages\/12695\/revisions\/15472"}],"wp:attachment":[{"href":"https:\/\/www.infuse.earth\/fr\/wp-json\/wp\/v2\/media?parent=12695"}],"curies":[{"name":"wp","href":"https:\/\/api.w.org\/{rel}","templated":true}]}}